{"id":685,"date":"2023-10-12T11:55:44","date_gmt":"2023-10-12T09:55:44","guid":{"rendered":"https:\/\/www.kinderpraxisamsee.ch\/team\/dr-med-marion-moenkhoff-miller\/"},"modified":"2024-03-17T14:02:23","modified_gmt":"2024-03-17T13:02:23","slug":"dr-med-marion-moenkhoff-miller","status":"publish","type":"page","link":"https:\/\/www.kinderpraxisamsee.ch\/en\/team\/dr-med-marion-moenkhoff-miller\/","title":{"rendered":"Dr. med. Marion M\u00f6nkhoff-Miller"},"content":{"rendered":"\n<h1 class=\"wp-block-heading\">Dr. med. Marion M\u00f6nkhoff<\/h1>\n\n<div class=\"wp-block-columns is-layout-flex wp-container-core-columns-is-layout-9d6595d7 wp-block-columns-is-layout-flex\">\n<div class=\"wp-block-column is-layout-flow wp-block-column-is-layout-flow\" style=\"flex-basis:33.33%\">\n<figure class=\"wp-block-image size-full ks-team-portrait\"><img loading=\"lazy\" decoding=\"async\" width=\"800\" height=\"800\" src=\"https:\/\/www.kinderpraxisamsee.ch\/wp-content\/uploads\/marion-moenkhoff-800x800-1.jpg\" alt=\"Marion M&#xF6;nkhoff\" class=\"wp-image-352\" srcset=\"https:\/\/www.kinderpraxisamsee.ch\/wp-content\/uploads\/marion-moenkhoff-800x800-1.jpg 800w, https:\/\/www.kinderpraxisamsee.ch\/wp-content\/uploads\/marion-moenkhoff-800x800-1-300x300.jpg 300w, https:\/\/www.kinderpraxisamsee.ch\/wp-content\/uploads\/marion-moenkhoff-800x800-1-150x150.jpg 150w, https:\/\/www.kinderpraxisamsee.ch\/wp-content\/uploads\/marion-moenkhoff-800x800-1-768x768.jpg 768w\" sizes=\"auto, (max-width: 800px) 100vw, 800px\" \/><\/figure>\n\n\n\n<p><strong>Fields of expertise<\/strong><br\/>&#13;\nPediatrics<br\/>&#13;\nNeonatology<\/p>\n\n\n\n<p><strong>Year of birth<\/strong><br\/>&#13;\n1965<\/p>\n\n\n\n<p><strong>Languages<\/strong><br\/>&#13;\nGerman, English, French<\/p>\n<\/div>\n\n\n\n<div class=\"wp-block-column is-layout-flow wp-block-column-is-layout-flow\" style=\"flex-basis:66.66%\">\n<h2 class=\"wp-block-heading\">Professional career<\/h2>\n\n\n\n<ul class=\"wp-block-list\">\n<li>seit 2018 Konsiliarische Mitarbeit (Senior Consultant) bei Swiss Medi Kids Z\u00fcrich<\/li>\n\n\n\n<li>seit 2018 Beleg\u00e4rztin Maternit\u00e9, Geb\u00e4rsaal und Praxis Kindermedizin, Klinik Hirslanden Z\u00fcrich<\/li>\n\n\n\n<li>2013 \u2013 2018 Chef\u00e4rztin Neonatologie und Kinder-Permanence, Spital Zollikerberg<\/li>\n\n\n\n<li>2012 \u2013 2018 Chef\u00e4rztin Neonatologie, Spital Zollikerberg<\/li>\n\n\n\n<li>2011 Schwerpunkttitel FMH Neonatologie<\/li>\n\n\n\n<li>2004 \u2013 2011 Leitende \u00c4rztin Neonatologie, Spital Zollikerberg<\/li>\n\n\n\n<li>2003 FMH-Titel P\u00e4diatrie<\/li>\n\n\n\n<li>2002 \u2013 2003 Ober\u00e4rztin Neonatologie, Spital Zollikerberg<\/li>\n\n\n\n<li>1995 \u2013 2001 Assistenz\u00e4rztin, Kinderspital Z\u00fcrich<\/li>\n\n\n\n<li>1993\/94 \u00c4rztin im Praktikum, Clementine Kinderkrankenhaus Frankfurt am Main<\/li>\n\n\n\n<li>1992 Dozentin f\u00fcr Anatomie, Physiologie, Pathologie in den Neuen Deutschen Bundesl\u00e4ndern; IMA, Paderborn<\/li>\n\n\n\n<li>Promotion (Dissertation \u00abDie mehrstufige Kaltluftprovokation als diagnostische Methode bei Asthma bronchiale und chronischer Bronchitis\u00bb, Zentrum Kinderheilkunde der Universit\u00e4tskliniken Frankfurt am Main, Prof. Dr. D. Hofmann \/ PD Dr. R. W\u00f6nne)<\/li>\n\n\n\n<li>1991 Staatsexamen Medizin<\/li>\n\n\n\n<li>1985-1991 Studium Humanmedizin Freie Universit\u00e4t Berlin \/ J.W.-Goethe Universit\u00e4t Frankfurt am Main<\/li>\n<\/ul>\n<\/div>\n<\/div>\n\n<p><a href=\"https:\/\/www.linkedin.com\/in\/marion-m%C3%B6nkhoff-79944a65\/\" target=\"_blank\" rel=\"noreferrer noopener\">LinkedIn<\/a><\/p>\n","protected":false},"excerpt":{"rendered":"<p>Dr. med. Marion M\u00f6nkhoff Fields of expertise&#13; Pediatrics&#13; Neonatology Year of birth&#13; 1965 Languages&#13; German, English, French Professional career LinkedIn<\/p>\n","protected":false},"author":1,"featured_media":0,"parent":683,"menu_order":0,"comment_status":"closed","ping_status":"closed","template":"","meta":{"_kadence_starter_templates_imported_post":false,"_kad_post_transparent":"","_kad_post_title":"","_kad_post_layout":"","_kad_post_sidebar_id":"","_kad_post_content_style":"","_kad_post_vertical_padding":"","_kad_post_feature":"","_kad_post_feature_position":"","_kad_post_header":false,"_kad_post_footer":false,"_kad_post_classname":"","footnotes":""},"class_list":["post-685","page","type-page","status-publish","hentry"],"_links":{"self":[{"href":"https:\/\/www.kinderpraxisamsee.ch\/en\/wp-json\/wp\/v2\/pages\/685","targetHints":{"allow":["GET"]}}],"collection":[{"href":"https:\/\/www.kinderpraxisamsee.ch\/en\/wp-json\/wp\/v2\/pages"}],"about":[{"href":"https:\/\/www.kinderpraxisamsee.ch\/en\/wp-json\/wp\/v2\/types\/page"}],"author":[{"embeddable":true,"href":"https:\/\/www.kinderpraxisamsee.ch\/en\/wp-json\/wp\/v2\/users\/1"}],"replies":[{"embeddable":true,"href":"https:\/\/www.kinderpraxisamsee.ch\/en\/wp-json\/wp\/v2\/comments?post=685"}],"version-history":[{"count":1,"href":"https:\/\/www.kinderpraxisamsee.ch\/en\/wp-json\/wp\/v2\/pages\/685\/revisions"}],"predecessor-version":[{"id":686,"href":"https:\/\/www.kinderpraxisamsee.ch\/en\/wp-json\/wp\/v2\/pages\/685\/revisions\/686"}],"up":[{"embeddable":true,"href":"https:\/\/www.kinderpraxisamsee.ch\/en\/wp-json\/wp\/v2\/pages\/683"}],"wp:attachment":[{"href":"https:\/\/www.kinderpraxisamsee.ch\/en\/wp-json\/wp\/v2\/media?parent=685"}],"curies":[{"name":"wp","href":"https:\/\/api.w.org\/{rel}","templated":true}]}}