{"id":688,"date":"2023-10-12T11:57:47","date_gmt":"2023-10-12T09:57:47","guid":{"rendered":"https:\/\/www.kinderpraxisamsee.ch\/team\/dr-med-astrid-baehre-von-wangenheim\/"},"modified":"2024-03-17T14:01:59","modified_gmt":"2024-03-17T13:01:59","slug":"dr-med-astrid-baehre-von-wangenheim","status":"publish","type":"page","link":"https:\/\/www.kinderpraxisamsee.ch\/en\/team\/dr-med-astrid-baehre-von-wangenheim\/","title":{"rendered":"Dr. med. Astrid B\u00e4hre von Wangenheim"},"content":{"rendered":"\n<h1 class=\"wp-block-heading\">Dr. med. Astrid B\u00e4hre<\/h1>\n\n<div class=\"wp-block-columns is-layout-flex wp-container-core-columns-is-layout-9d6595d7 wp-block-columns-is-layout-flex\">\n<div class=\"wp-block-column is-layout-flow wp-block-column-is-layout-flow\" style=\"flex-basis:33.33%\">\n<figure class=\"wp-block-image size-full ks-team-portrait\"><img loading=\"lazy\" decoding=\"async\" width=\"800\" height=\"800\" src=\"https:\/\/www.kinderpraxisamsee.ch\/wp-content\/uploads\/astrid-baehre-800x800-2.jpg\" alt=\"Astrid B&#xE4;hre\" class=\"wp-image-503\" srcset=\"https:\/\/www.kinderpraxisamsee.ch\/wp-content\/uploads\/astrid-baehre-800x800-2.jpg 800w, https:\/\/www.kinderpraxisamsee.ch\/wp-content\/uploads\/astrid-baehre-800x800-2-300x300.jpg 300w, https:\/\/www.kinderpraxisamsee.ch\/wp-content\/uploads\/astrid-baehre-800x800-2-150x150.jpg 150w, https:\/\/www.kinderpraxisamsee.ch\/wp-content\/uploads\/astrid-baehre-800x800-2-768x768.jpg 768w\" sizes=\"auto, (max-width: 800px) 100vw, 800px\" \/><\/figure>\n\n\n\n<p><strong>Fields of expertise<\/strong><br\/>Pediatrics and adolescent medicine<\/p>\n\n\n\n<p><strong>Year of birth<br\/><\/strong>1969<\/p>\n\n\n\n<p><strong>Languages<br\/><\/strong>German, English<\/p>\n<\/div>\n\n\n\n<div class=\"wp-block-column is-layout-flow wp-block-column-is-layout-flow\" style=\"flex-basis:66.66%\">\n<h2 class=\"wp-block-heading\">Professional career<\/h2>\n\n\n\n<ul class=\"wp-block-list\">\n<li>2008 \u2013 2018 Fach\u00e4rztin f\u00fcr Kinder- und Jugendmedizin bei Dr. Ullrich M\u00fcller, Wedemark (Deutschland)<\/li>\n\n\n\n<li>2006 Facharzttitel f\u00fcr Kinder- und Jugendmedizin FMH<\/li>\n\n\n\n<li>2005 \u2013 2007 P\u00e4diatrie an der Medizinischen Hochschule in Hannover (Deutschland)<\/li>\n\n\n\n<li>1999 \u2013 2002 P\u00e4diatrie im Kinderspital Z\u00fcrich<\/li>\n\n\n\n<li>1998\/99 Kinderchirurgie im Kinderspital Z\u00fcrich (Prof. Dr. U.G. Stauffer)<\/li>\n\n\n\n<li>1997\/98 Allgemeine Chirurgie im Spital Pflegi-Neum\u00fcnster, Zollikerberg (Prof. Dr. Gemsenj\u00e4ger)<\/li>\n\n\n\n<li>1997 Promotion an der Universit\u00e4t Z\u00fcrich (Dissertation bei Prof. Dr. T. Carrell: Fr\u00fch- und Sp\u00e4tresultate der chirurgischen Behandlung bei unterbrochenem Aortenbogen: Retrospektive Analyse zweier unterschiedlicher Operationsverfahren)<\/li>\n\n\n\n<li><span style=\"color: var(--global-palette4);\">1996 Staatsexamen an der Universit\u00e4t Z\u00fcrich<\/span><\/li>\n\n\n\n<li>1989 \u2013 1996 Medizinstudium an der Universit\u00e4t Z\u00fcrich<\/li>\n<\/ul>\n<\/div>\n<\/div>\n\n<p><\/p>\n","protected":false},"excerpt":{"rendered":"<p>Dr. med. Astrid B\u00e4hre Fields of expertisePediatrics and adolescent medicine Year of birth1969 LanguagesGerman, English Professional career<\/p>\n","protected":false},"author":1,"featured_media":0,"parent":683,"menu_order":0,"comment_status":"closed","ping_status":"closed","template":"","meta":{"_kadence_starter_templates_imported_post":false,"_kad_post_transparent":"","_kad_post_title":"","_kad_post_layout":"","_kad_post_sidebar_id":"","_kad_post_content_style":"","_kad_post_vertical_padding":"","_kad_post_feature":"","_kad_post_feature_position":"","_kad_post_header":false,"_kad_post_footer":false,"_kad_post_classname":"","footnotes":""},"class_list":["post-688","page","type-page","status-publish","hentry"],"_links":{"self":[{"href":"https:\/\/www.kinderpraxisamsee.ch\/en\/wp-json\/wp\/v2\/pages\/688","targetHints":{"allow":["GET"]}}],"collection":[{"href":"https:\/\/www.kinderpraxisamsee.ch\/en\/wp-json\/wp\/v2\/pages"}],"about":[{"href":"https:\/\/www.kinderpraxisamsee.ch\/en\/wp-json\/wp\/v2\/types\/page"}],"author":[{"embeddable":true,"href":"https:\/\/www.kinderpraxisamsee.ch\/en\/wp-json\/wp\/v2\/users\/1"}],"replies":[{"embeddable":true,"href":"https:\/\/www.kinderpraxisamsee.ch\/en\/wp-json\/wp\/v2\/comments?post=688"}],"version-history":[{"count":1,"href":"https:\/\/www.kinderpraxisamsee.ch\/en\/wp-json\/wp\/v2\/pages\/688\/revisions"}],"predecessor-version":[{"id":689,"href":"https:\/\/www.kinderpraxisamsee.ch\/en\/wp-json\/wp\/v2\/pages\/688\/revisions\/689"}],"up":[{"embeddable":true,"href":"https:\/\/www.kinderpraxisamsee.ch\/en\/wp-json\/wp\/v2\/pages\/683"}],"wp:attachment":[{"href":"https:\/\/www.kinderpraxisamsee.ch\/en\/wp-json\/wp\/v2\/media?parent=688"}],"curies":[{"name":"wp","href":"https:\/\/api.w.org\/{rel}","templated":true}]}}