{"id":691,"date":"2023-10-12T11:59:53","date_gmt":"2023-10-12T09:59:53","guid":{"rendered":"https:\/\/www.kinderpraxisamsee.ch\/team\/dr-med-philipp-schering\/"},"modified":"2024-03-17T14:01:44","modified_gmt":"2024-03-17T13:01:44","slug":"dr-med-philipp-schering","status":"publish","type":"page","link":"https:\/\/www.kinderpraxisamsee.ch\/en\/team\/dr-med-philipp-schering\/","title":{"rendered":"Dr. med. Philipp Schering"},"content":{"rendered":"\n<h1 class=\"wp-block-heading\"><a href=\"https:\/\/www.kinderpraxisamsee.ch\/en\/team\/dr-med-philipp-schering\/\">Dr. med. Philipp Schering<\/a><\/h1>\n\n<div class=\"wp-block-columns is-layout-flex wp-container-core-columns-is-layout-9d6595d7 wp-block-columns-is-layout-flex\">\n<div class=\"wp-block-column is-layout-flow wp-block-column-is-layout-flow\" style=\"flex-basis:33.33%\">\n<figure class=\"wp-block-image size-full ks-team-portrait\"><img loading=\"lazy\" decoding=\"async\" width=\"800\" height=\"800\" src=\"https:\/\/www.kinderpraxisamsee.ch\/wp-content\/uploads\/philipp-schering-800x800-1.jpg\" alt=\"Philipp Schering\" class=\"wp-image-361\" srcset=\"https:\/\/www.kinderpraxisamsee.ch\/wp-content\/uploads\/philipp-schering-800x800-1.jpg 800w, https:\/\/www.kinderpraxisamsee.ch\/wp-content\/uploads\/philipp-schering-800x800-1-300x300.jpg 300w, https:\/\/www.kinderpraxisamsee.ch\/wp-content\/uploads\/philipp-schering-800x800-1-150x150.jpg 150w, https:\/\/www.kinderpraxisamsee.ch\/wp-content\/uploads\/philipp-schering-800x800-1-768x768.jpg 768w\" sizes=\"auto, (max-width: 800px) 100vw, 800px\" \/><\/figure>\n\n\n\n<p><strong>Fields of expertise<\/strong><br\/>Pediatrics and adolescent medicine<br\/>Neonatology<\/p>\n\n\n\n<p><strong>Year of birth<br\/><\/strong>1979<\/p>\n\n\n\n<p><strong>Languages<br\/><\/strong>German, English<\/p>\n<\/div>\n\n\n\n<div class=\"wp-block-column is-layout-flow wp-block-column-is-layout-flow\" style=\"flex-basis:66.66%\">\n<h2 class=\"wp-block-heading\">Professional career<\/h2>\n\n\n\n<ul class=\"wp-block-list\">\n<li>Seit 2020 Standortleiter Swiss Medi Kids, Kinder Permanence Luzern, CH<\/li>\n\n\n\n<li>2018 bis 2020 Oberarzt Swiss Medi Kids, Kinder Permanence Z\u00fcrich und Winterthur, CH<\/li>\n\n\n\n<li>2018 Oberarzt Kinder Permanence und Neonatologie Spital Zollikerberg, CH<\/li>\n\n\n\n<li>2017 bis 2018 Facharzt im MVZ P\u00e4diatrie am DRK Krankenhaus Kirchen, DE<\/li>\n\n\n\n<li>2016 bis 2017 Facharzt in der neurop\u00e4diatrischen Abteilung des Kinderkrankenhauses Amsterdamer Strasse, K\u00f6ln, DE<\/li>\n\n\n\n<li>2016 Anerkennung des Schwerpunktes Neonatologie (\u00c4rztekammer Nordrhein, D\u00fcsseldorf, DE)<\/li>\n\n\n\n<li>2015 bis 2016 Facharzt in der neonatologischen Abteilung des St.-Marien-Hospitals Bonn, DE<\/li>\n\n\n\n<li>2012 bis 2015 Oberarzt in der p\u00e4diatrischen Abteilung des DRK Krankenhaus Kirchen, DE<\/li>\n\n\n\n<li>2012 Anerkennung als Facharzt f\u00fcr Kinder- und Jugendmedizin (\u00c4rztekammer Nordrhein, D\u00fcsseldorf, DE)<\/li>\n\n\n\n<li>2011 bis 2012 Assistenzarzt in der p\u00e4diatrischen Abteilung des St.-Marien-Hospitals Bonn, DE<\/li>\n\n\n\n<li>2010 bis 2011 Assistenzarzt in der neonatologischen Abteilung des St.-Marien-Hospitals Bonn, DE<\/li>\n\n\n\n<li>2007 bis 2010 Assistenzarzt in der p\u00e4diatrischen Abteilung des DRK Klinikums Westerwald, Krankenhaus Kirchen, DE<\/li>\n\n\n\n<li>2007 Promotion zum Dr. med. am Universit\u00e4tsklinikum Giessen und Marburg, Standort Giessen, DE<\/li>\n\n\n\n<li>2000 bis 2006 Studium der Humanmedizin an der Justus-Liebig-Universit\u00e4t, Giessen, DE: unter anderem mit Auslandspraktika in Kalifornien (USA), Alberta (Canada) und Singapur<\/li>\n<\/ul>\n<\/div>\n<\/div>\n\n<p><\/p>\n","protected":false},"excerpt":{"rendered":"<p>Dr. med. Philipp Schering Fields of expertisePediatrics and adolescent medicineNeonatology Year of birth1979 LanguagesGerman, English Professional career<\/p>\n","protected":false},"author":1,"featured_media":0,"parent":683,"menu_order":0,"comment_status":"closed","ping_status":"closed","template":"","meta":{"_kadence_starter_templates_imported_post":false,"_kad_post_transparent":"","_kad_post_title":"","_kad_post_layout":"","_kad_post_sidebar_id":"","_kad_post_content_style":"","_kad_post_vertical_padding":"","_kad_post_feature":"","_kad_post_feature_position":"","_kad_post_header":false,"_kad_post_footer":false,"_kad_post_classname":"","footnotes":""},"class_list":["post-691","page","type-page","status-publish","hentry"],"_links":{"self":[{"href":"https:\/\/www.kinderpraxisamsee.ch\/en\/wp-json\/wp\/v2\/pages\/691","targetHints":{"allow":["GET"]}}],"collection":[{"href":"https:\/\/www.kinderpraxisamsee.ch\/en\/wp-json\/wp\/v2\/pages"}],"about":[{"href":"https:\/\/www.kinderpraxisamsee.ch\/en\/wp-json\/wp\/v2\/types\/page"}],"author":[{"embeddable":true,"href":"https:\/\/www.kinderpraxisamsee.ch\/en\/wp-json\/wp\/v2\/users\/1"}],"replies":[{"embeddable":true,"href":"https:\/\/www.kinderpraxisamsee.ch\/en\/wp-json\/wp\/v2\/comments?post=691"}],"version-history":[{"count":1,"href":"https:\/\/www.kinderpraxisamsee.ch\/en\/wp-json\/wp\/v2\/pages\/691\/revisions"}],"predecessor-version":[{"id":692,"href":"https:\/\/www.kinderpraxisamsee.ch\/en\/wp-json\/wp\/v2\/pages\/691\/revisions\/692"}],"up":[{"embeddable":true,"href":"https:\/\/www.kinderpraxisamsee.ch\/en\/wp-json\/wp\/v2\/pages\/683"}],"wp:attachment":[{"href":"https:\/\/www.kinderpraxisamsee.ch\/en\/wp-json\/wp\/v2\/media?parent=691"}],"curies":[{"name":"wp","href":"https:\/\/api.w.org\/{rel}","templated":true}]}}