{"id":694,"date":"2023-10-12T12:02:05","date_gmt":"2023-10-12T10:02:05","guid":{"rendered":"https:\/\/www.kinderpraxisamsee.ch\/team\/dr-med-mary-palathra-vorburger\/"},"modified":"2024-03-17T14:01:24","modified_gmt":"2024-03-17T13:01:24","slug":"dr-med-mary-palathra-vorburger","status":"publish","type":"page","link":"https:\/\/www.kinderpraxisamsee.ch\/en\/team\/dr-med-mary-palathra-vorburger\/","title":{"rendered":"Dr. med. Mary Palathra-Vorburger"},"content":{"rendered":"\n<h1 class=\"wp-block-heading\">Dr. med. Mary Palathra<\/h1>\n\n<div class=\"wp-block-columns is-layout-flex wp-container-core-columns-is-layout-9d6595d7 wp-block-columns-is-layout-flex\">\n<div class=\"wp-block-column is-layout-flow wp-block-column-is-layout-flow\" style=\"flex-basis:33.33%\">\n<figure class=\"wp-block-image size-full ks-team-portrait\"><img loading=\"lazy\" decoding=\"async\" width=\"800\" height=\"800\" src=\"https:\/\/www.kinderpraxisamsee.ch\/wp-content\/uploads\/mary-palathra-800x800-1.jpg\" alt=\"Mary Palathra\" class=\"wp-image-365\" srcset=\"https:\/\/www.kinderpraxisamsee.ch\/wp-content\/uploads\/mary-palathra-800x800-1.jpg 800w, https:\/\/www.kinderpraxisamsee.ch\/wp-content\/uploads\/mary-palathra-800x800-1-300x300.jpg 300w, https:\/\/www.kinderpraxisamsee.ch\/wp-content\/uploads\/mary-palathra-800x800-1-150x150.jpg 150w, https:\/\/www.kinderpraxisamsee.ch\/wp-content\/uploads\/mary-palathra-800x800-1-768x768.jpg 768w\" sizes=\"auto, (max-width: 800px) 100vw, 800px\" \/><\/figure>\n\n\n\n<p><strong>Fields of expertise<\/strong><br\/>Pediatrics and adolescent medicine<\/p>\n\n\n\n<p><strong>Year of birth<br\/><\/strong>1979<\/p>\n\n\n\n<p><strong>Languages<br\/><\/strong>English, German<\/p>\n<\/div>\n\n\n\n<div class=\"wp-block-column is-layout-flow wp-block-column-is-layout-flow\" style=\"flex-basis:66.66%\">\n<h2 class=\"wp-block-heading\">Professional career<\/h2>\n\n\n\n<ul class=\"wp-block-list\">\n<li>2022 Fach\u00e4rztin f\u00fcr Kinder- und Jugendmedizin FMH<\/li>\n\n\n\n<li>seit 2021 Ober\u00e4rztin f\u00fcr Kinder- und Jugendmedizin bei Swiss Medi Kids, Z\u00fcrich<\/li>\n\n\n\n<li>2020 Zulassung als \u00c4rztin in der Schweiz<\/li>\n\n\n\n<li>2017 \u2013 2021 Assistenz\u00e4rztin f\u00fcr Kinder- und Jugendmedizin bei Swiss Medi Kids, Z\u00fcrich<\/li>\n\n\n\n<li>2016 Assistenz\u00e4rztin f\u00fcr Kinder- und Jugendmedizin am Kantonsspital M\u00fcnsterlingen TG<\/li>\n\n\n\n<li>2016 Zulassung als \u00c4rztin in der Bundesrepublik Deutschland<\/li>\n\n\n\n<li>2015 Ober\u00e4rztin f\u00fcr Kinder- und Jugendmedizin am Claremore Indian Hospital, Claremore, Oklahoma<\/li>\n\n\n\n<li>2010 \u2013 2013 T\u00e4tigkeit als Ober\u00e4rztin und Fach\u00e4rztin f\u00fcr Kinder- und Jugendmedizin in verschiedenen Kliniken in New York<\/li>\n\n\n\n<li>2007 \u2013 2010 Ober\u00e4rztin f\u00fcr Kinder- und Jugendmedizin am St. Charles Hospital, Port Jefferson, New York<\/li>\n\n\n\n<li>2007 Fach\u00e4rztin f\u00fcr P\u00e4diatrie ABP (American Board of Pediatrics, USA)<\/li>\n\n\n\n<li>2005 Amerikanisches Staatsexamen<\/li>\n\n\n\n<li>2004 \u2013 2007 Assistenz\u00e4rztin am Steven &amp; Alexandra Cohen Children\u2019s Medical Center of New York<\/li>\n\n\n\n<li>1997 \u2013 2004 Studium der Humanmedizin, New York Institute of Technology, New York College of Osteopathic Medicine<\/li>\n<\/ul>\n<\/div>\n<\/div>\n\n<p><a href=\"https:\/\/www.linkedin.com\/in\/mary-cherian-palathra-06578ab3\/\" target=\"_blank\" rel=\"noreferrer noopener\">LinkedIn<\/a><\/p>\n","protected":false},"excerpt":{"rendered":"<p>Dr. med. Mary Palathra Fields of expertisePediatrics and adolescent medicine Year of birth1979 LanguagesEnglish, German Professional career LinkedIn<\/p>\n","protected":false},"author":1,"featured_media":0,"parent":683,"menu_order":0,"comment_status":"closed","ping_status":"closed","template":"","meta":{"_kadence_starter_templates_imported_post":false,"_kad_post_transparent":"","_kad_post_title":"","_kad_post_layout":"","_kad_post_sidebar_id":"","_kad_post_content_style":"","_kad_post_vertical_padding":"","_kad_post_feature":"","_kad_post_feature_position":"","_kad_post_header":false,"_kad_post_footer":false,"_kad_post_classname":"","footnotes":""},"class_list":["post-694","page","type-page","status-publish","hentry"],"_links":{"self":[{"href":"https:\/\/www.kinderpraxisamsee.ch\/en\/wp-json\/wp\/v2\/pages\/694","targetHints":{"allow":["GET"]}}],"collection":[{"href":"https:\/\/www.kinderpraxisamsee.ch\/en\/wp-json\/wp\/v2\/pages"}],"about":[{"href":"https:\/\/www.kinderpraxisamsee.ch\/en\/wp-json\/wp\/v2\/types\/page"}],"author":[{"embeddable":true,"href":"https:\/\/www.kinderpraxisamsee.ch\/en\/wp-json\/wp\/v2\/users\/1"}],"replies":[{"embeddable":true,"href":"https:\/\/www.kinderpraxisamsee.ch\/en\/wp-json\/wp\/v2\/comments?post=694"}],"version-history":[{"count":2,"href":"https:\/\/www.kinderpraxisamsee.ch\/en\/wp-json\/wp\/v2\/pages\/694\/revisions"}],"predecessor-version":[{"id":698,"href":"https:\/\/www.kinderpraxisamsee.ch\/en\/wp-json\/wp\/v2\/pages\/694\/revisions\/698"}],"up":[{"embeddable":true,"href":"https:\/\/www.kinderpraxisamsee.ch\/en\/wp-json\/wp\/v2\/pages\/683"}],"wp:attachment":[{"href":"https:\/\/www.kinderpraxisamsee.ch\/en\/wp-json\/wp\/v2\/media?parent=694"}],"curies":[{"name":"wp","href":"https:\/\/api.w.org\/{rel}","templated":true}]}}